{"id":1534,"date":"2021-01-09T02:14:19","date_gmt":"2021-01-09T02:14:19","guid":{"rendered":"https:\/\/revirock.es\/?page_id=1534"},"modified":"2021-01-09T02:21:18","modified_gmt":"2021-01-09T02:21:18","slug":"estudio-c","status":"publish","type":"page","link":"https:\/\/revirock.es\/en\/estudio-c\/","title":{"rendered":"Estudio C"},"content":{"rendered":"<div class=\"tt-shortcode_vc_row block pt-0 bg-page bg-page-equipment1\"><div  class=\"tt-shortcode_vc_column vc_column-inner container\" ><div class=\"shortcode_vc_row_inner row\"><div class=\"shortcode_vc_column_inner  column half-bg-left h-md-auto\" >\n\t<div  class=\"img-responsive offset-left-2\"><div class=\"vc_single_image-wrapper   vc_box_border_grey\"><img width=\"1050\" height=\"875\" src=\"https:\/\/revirock.es\/wp-content\/uploads\/2021\/01\/studio.png\" class=\"vc_single_image-img attachment-full\" alt=\"\" loading=\"lazy\" srcset=\"https:\/\/revirock.es\/wp-content\/uploads\/2021\/01\/studio.png 1050w, https:\/\/revirock.es\/wp-content\/uploads\/2021\/01\/studio-300x250.png 300w, https:\/\/revirock.es\/wp-content\/uploads\/2021\/01\/studio-1024x853.png 1024w, https:\/\/revirock.es\/wp-content\/uploads\/2021\/01\/studio-768x640.png 768w, https:\/\/revirock.es\/wp-content\/uploads\/2021\/01\/studio-600x500.png 600w\" sizes=\"(max-width: 1050px) 100vw, 1050px\" \/><\/div><\/div>\n<\/div><div class=\"shortcode_vc_column_inner  column col-sm-6 pull-right equipment-block-top-right-part pt-md-0\" ><h2 class=\"heading heading-separator\">Versatilidad en 50 m\u00b2<\/h2>\n<p>Dispondr\u00e1s de dos cabinas, una de grabaci\u00f3n\u00a0 y otra de producci\u00f3n, donde podr\u00e1s realizar todo tipo de producciones audiovisuales. Una configuraci\u00f3n cl\u00e1sica de estudio, que permitir\u00e1 ajustar tu presupuesto al m\u00e1ximo.<\/p>\n<\/div><\/div><\/div><\/div><div class=\"tt-shortcode_vc_row block7 bottom-null block--darkbg block--bg--full-width vc_custom_1573739783496 vc_row-has-fill\"><div  class=\"tt-shortcode_vc_column vc_column-inner container\" ><div class=\"shortcode_vc_row_inner row row--half\"><div class=\"shortcode_vc_column_inner  column half-bg-right block-bg-vc-eq-1\" ><\/div><div class=\"shortcode_vc_column_inner  column col-sm-6\" ><h3 style=\"text-align: left\" class=\"vc_custom_heading\" >Microphones<\/h3><ul class=\"circle-list-md\">\n<li>Neumann Tlm 102<\/li>\n<li>AKG C451 (Stereoset)<\/li>\n<li>Golden Age R1 (2 pieces)<\/li>\n<li>Senheisser MD421 (3 pieces)<\/li>\n<li>Senheisser E902<\/li>\n<li>Shure Beta 91A<\/li>\n<\/ul>\n<\/div><\/div><\/div><\/div><div class=\"tt-shortcode_vc_row block pt-0 bottom-null block--bg--full-width\"><div  class=\"tt-shortcode_vc_column vc_column-inner container\" ><div class=\"shortcode_vc_row_inner row row--half block--half__list\"><div class=\"shortcode_vc_column_inner  column half-bg-left block-bg-vc-eq-2\" ><\/div><div class=\"shortcode_vc_column_inner  column col-sm-6 pull-right\" ><h3 style=\"text-align: left\" class=\"vc_custom_heading\" >Pre-amplifiers<\/h3><ul class=\"circle-list-md\">\n<li>A-Designs Pacifica (2 channels)<\/li>\n<li>Universal Audio 4-710 twinfinity \/ 1176 style comp<\/li>\n<li>Golden Age Pre73\/comp54 (2 channels)<\/li>\n<li>Joemeek Twin Q \/comp\/EQ (2 channels)<\/li>\n<li>Audient asp 880 (8 channels)<\/li>\n<li>Rme ff800 (4 channels)<\/li>\n<li>Focusrite Saffire pro 40 (8 channels)<\/li>\n<li>Focusrite Octopre (8 channels)<\/li>\n<li>Soundcraft M8 console (8 Channels)<\/li>\n<\/ul>\n<\/div><\/div><\/div><\/div><div class=\"tt-shortcode_vc_row block pt-0 bottom-null block--bg--full-width\"><div  class=\"tt-shortcode_vc_column vc_column-inner container\" ><div class=\"shortcode_vc_row_inner row row--half block--half__list\"><div class=\"shortcode_vc_column_inner  column half-bg-right block-bg-vc-eq-3\" ><\/div><div class=\"shortcode_vc_column_inner  column col-sm-6 pull-left\" ><h3 style=\"text-align: left\" class=\"vc_custom_heading\" >Monitoring<\/h3><ul class=\"circle-list-md\">\n<li>Focal Solo 6 + Sub ( Control Room A)<\/li>\n<li>Dangerous Music Monitor ST (Control Room A)<\/li>\n<li>Focal Alpha 50 (Control Room B)<\/li>\n<li>Avantone mixcubes (Control Room A)<\/li>\n<li>Yamaha NSF 150 (Control Room A)<\/li>\n<li>Shure SE315 in ear monitoring<\/li>\n<li>Senheiser HD 215 (2 pieces)<\/li>\n<li>AKG K44 (2 pieces)<\/li>\n<\/ul>\n<\/div><\/div><\/div><\/div><div class=\"tt-shortcode_vc_row block pt-0 bottom-null block--bg--full-width\"><div  class=\"tt-shortcode_vc_column vc_column-inner container\" ><div class=\"shortcode_vc_row_inner row row--half block--half__list\"><div class=\"shortcode_vc_column_inner  column half-bg-left block-bg-vc-eq-4\" ><\/div><div class=\"shortcode_vc_column_inner  column col-sm-6 pull-right\" ><h3 style=\"text-align: left\" class=\"vc_custom_heading\" >Daw \/ Interface<\/h3><ul class=\"circle-list-md\">\n<li>Mac Pro 8 core (Control Room A)<\/li>\n<li>Imac 27\u2032 I7 (Control Room B)<\/li>\n<li>RME Fireface 800 (Control Room A)<\/li>\n<li>24 Channels Mackie MCU Pro<\/li>\n<li>Logic Pro X, Cubase 8, Protools 10<\/li>\n<li>Native Instruments Kontakt Komplete Ultimate<\/li>\n<li>Softube Console 1<\/li>\n<li>Softube All plugins<\/li>\n<li>Soundtoys All plugins and numerous other plugins<\/li>\n<\/ul>\n<\/div><\/div><\/div><\/div><div class=\"tt-shortcode_vc_row block7 bottom-null block--darkbg block--bg--full-width vc_custom_1573739783496 vc_row-has-fill\"><div  class=\"tt-shortcode_vc_column vc_column-inner container\" ><div class=\"shortcode_vc_row_inner row row--half\"><div class=\"shortcode_vc_column_inner  column half-bg-right block-bg-vc-eq-5\" ><\/div><div class=\"shortcode_vc_column_inner  column col-sm-6\" ><h3 style=\"text-align: left\" class=\"vc_custom_heading\" >Amplifiers for bass and guitar<\/h3><ul class=\"circle-list-md\">\n<li>Diezel Einstein 100 Watt<\/li>\n<li>Marshall JCM 2000<\/li>\n<li>Supro 1624 Dualtone 24 Watt (combo)<\/li>\n<li>Peavey 6505 100 Watt<\/li>\n<li>Kourbis Custom Plexi Amp 50 Watt<\/li>\n<li>B-52 100 Watt<\/li>\n<li>Orange Tiny Terror 15 Watt<\/li>\n<li>Bugera 333 100 Watt (combo)<\/li>\n<li>Gallien Krueger 700 RB 2 480 watt<\/li>\n<\/ul>\n<\/div><\/div><\/div><\/div><div id=\"bookingPopup\" class=\"tt-shortcode_vc_row mfp-with-anim popup-wrap form-page-equipment\"><div  class=\"tt-shortcode_vc_column vc_column-inner form-popup-inside mfp-inside form-popup\" ><div class=\"ch\"><button class=\"close\" aria-label=\"Close\" data-dismiss=\"modal\"><svg class=\"icon icon-close\" width=\"20\" height=\"21\" viewbox=\"0 0 20 21\" xmlns=\"\/\/www.w3.org\/2000\/svg\"><path d=\"M9.04297 10.1921L0.195312 19.0398C0.0651042 19.157 0 19.3002 0 19.4695C0 19.6518 0.0651042 19.8015 0.195312 19.9187C0.260417 19.9838 0.325521 20.0294 0.390625 20.0554C0.46875 20.0945 0.553385 20.114 0.644531 20.114C0.722656 20.114 0.800781 20.0945 0.878906 20.0554C0.957031 20.0294 1.02214 19.9838 1.07422 19.9187L10 11.0125L18.9258 19.9187C18.9779 19.9838 19.043 20.0294 19.1211 20.0554C19.1992 20.0945 19.2773 20.114 19.3555 20.114C19.4466 20.114 19.5312 20.0945 19.6094 20.0554C19.6875 20.0294 19.7526 19.9838 19.8047 19.9187C19.9349 19.8015 20 19.6518 20 19.4695C20 19.3002 19.9349 19.157 19.8047 19.0398L10.957 10.1921L19.8242 1.32495C19.9414 1.20776 20 1.06453 20 0.895264C20 0.712972 19.9414 0.556722 19.8242 0.426514C19.694 0.309326 19.5378 0.250732 19.3555 0.250732C19.1862 0.250732 19.043 0.309326 18.9258 0.426514L10 9.35229L1.07422 0.426514C0.957031 0.309326 0.807292 0.250732 0.625 0.250732C0.455729 0.250732 0.30599 0.309326 0.175781 0.426514C0.0585938 0.556722 0 0.712972 0 0.895264C0 1.06453 0.0585938 1.20776 0.175781 1.32495L9.04297 10.1921Z\" \/><\/svg><\/button><\/div>\n<h3 style=\"text-align: center\" class=\"vc_custom_heading\" >Book Your Session<\/h3>\n<div class=\"wpcf7 no-js\" id=\"wpcf7-f7-o1\" lang=\"es-ES\" dir=\"ltr\">\n<div class=\"screen-reader-response\"><p role=\"status\" aria-live=\"polite\" aria-atomic=\"true\"><\/p> <ul><\/ul><\/div>\n<form action=\"\/en\/wp-json\/wp\/v2\/pages\/1534#wpcf7-f7-o1\" method=\"post\" class=\"wpcf7-form init\" aria-label=\"Contact form\" novalidate=\"novalidate\" data-status=\"init\" data-no-translation-aria-label=\"\" data-trp-original-action=\"\/en\/wp-json\/wp\/v2\/pages\/1534#wpcf7-f7-o1\">\n<div style=\"display: none;\">\n<input type=\"hidden\" name=\"_wpcf7\" value=\"7\" \/>\n<input type=\"hidden\" name=\"_wpcf7_version\" value=\"5.7.4\" \/>\n<input type=\"hidden\" name=\"_wpcf7_locale\" value=\"es_ES\" \/>\n<input type=\"hidden\" name=\"_wpcf7_unit_tag\" value=\"wpcf7-f7-o1\" \/>\n<input type=\"hidden\" name=\"_wpcf7_container_post\" value=\"0\" \/>\n<input type=\"hidden\" name=\"_wpcf7_posted_data_hash\" value=\"\" \/>\n<\/div>\n<p><label> Your name (required)<br \/>\n<span class=\"wpcf7-form-control-wrap\" data-name=\"your-name\"><input size=\"40\" class=\"wpcf7-form-control wpcf7-text wpcf7-validates-as-required\" aria-required=\"true\" aria-invalid=\"false\" value=\"\" type=\"text\" name=\"your-name\" \/><\/span> <\/label>\n<\/p>\n<p><label> Your email (required)<br \/>\n<span class=\"wpcf7-form-control-wrap\" data-name=\"your-email\"><input size=\"40\" class=\"wpcf7-form-control wpcf7-text wpcf7-email wpcf7-validates-as-required wpcf7-validates-as-email\" aria-required=\"true\" aria-invalid=\"false\" value=\"\" type=\"email\" name=\"your-email\" \/><\/span> <\/label>\n<\/p>\n<p><label> Subject<br \/>\n<span class=\"wpcf7-form-control-wrap\" data-name=\"your-subject\"><input size=\"40\" class=\"wpcf7-form-control wpcf7-text\" aria-invalid=\"false\" value=\"\" type=\"text\" name=\"your-subject\" \/><\/span> <\/label>\n<\/p>\n<p><label> Your message<br \/>\n<span class=\"wpcf7-form-control-wrap\" data-name=\"your-message\"><textarea cols=\"40\" rows=\"10\" class=\"wpcf7-form-control wpcf7-textarea\" aria-invalid=\"false\" name=\"your-message\"><\/textarea><\/span> <\/label>\n<\/p>\n<p><input class=\"wpcf7-form-control has-spinner wpcf7-submit\" type=\"submit\" value=\"Send\" \/>\n<\/p><div class=\"wpcf7-response-output\" aria-hidden=\"true\"><\/div>\n<input type=\"hidden\" name=\"trp-form-language\" value=\"en\"\/><\/form>\n<\/div>\n<\/div><\/div>","protected":false},"excerpt":{"rendered":"Versatilidad en 50 m\u00b2 Dispondr\u00e1s de dos cabinas, una de grabaci\u00f3n\u00a0 y otra de producci\u00f3n, donde podr\u00e1s realizar todo tipo de producciones audiovisuales. Una configuraci\u00f3n cl\u00e1sica de estudio, que permitir\u00e1 ajustar tu presupuesto al m\u00e1ximo. Microfon\u00eda Neumann Tlm 102 AKG C451 (Stereoset) Golden Age R1 (2 pieces) Senheisser MD421 (3 pieces) Senheisser E902 Shure Beta <div class=\"btn-more-wrapper wrapper-btn-link-icon-text\"><a href=\"https:\/\/revirock.es\/en\/estudio-c\/\" class=\"link-icon-text\"><svg class=\"icon icon-video-play\" width=\"10\" height=\"12\" viewbox=\"0 0 10 12\" xmlns=\"\/\/www.w3.org\/2000\/svg\"><path d=\"M8.72668 5.26101L1.65318 0.804285C1.44407 0.679788 1.18441 0.70053 0.988295 0.70053C0.203857 0.70053 0.207337 1.30617 0.207337 1.4596V10.5686C0.207337 10.6984 0.203903 11.3278 0.988295 11.3278C1.18441 11.3278 1.44411 11.3484 1.65318 11.224L8.72664 6.76729C9.30723 6.42182 9.20691 6.01413 9.20691 6.01413C9.20691 6.01413 9.30727 5.60643 8.72668 5.26101Z\"><\/path><\/svg>Read More<span class=\"screen-reader-text\"> \"Estudio C\"<\/span><\/a><\/div>","protected":false},"author":2,"featured_media":0,"parent":0,"menu_order":26,"comment_status":"closed","ping_status":"closed","template":"custompagett.php","meta":[],"yoast_head":"<!-- This site is optimized with the Yoast SEO plugin v20.2.1 - https:\/\/yoast.com\/wordpress\/plugins\/seo\/ -->\n<title>Estudio C - Revirock Studios<\/title>\n<meta name=\"robots\" content=\"index, follow, max-snippet:-1, max-image-preview:large, max-video-preview:-1\" \/>\n<link rel=\"canonical\" href=\"https:\/\/revirock.es\/en\/estudio-c\/\" \/>\n<meta property=\"og:locale\" content=\"en_US\" \/>\n<meta property=\"og:type\" content=\"article\" \/>\n<meta property=\"og:title\" content=\"Estudio C - Revirock Studios\" \/>\n<meta property=\"og:url\" content=\"https:\/\/revirock.es\/en\/estudio-c\/\" \/>\n<meta property=\"og:site_name\" content=\"Revirock Studios\" \/>\n<meta property=\"article:modified_time\" content=\"2021-01-09T02:21:18+00:00\" \/>\n<meta name=\"twitter:card\" content=\"summary_large_image\" \/>\n<meta name=\"twitter:label1\" content=\"Est. reading time\" \/>\n\t<meta name=\"twitter:data1\" content=\"4 minutes\" \/>\n<script type=\"application\/ld+json\" class=\"yoast-schema-graph\">{\"@context\":\"https:\/\/schema.org\",\"@graph\":[{\"@type\":\"WebPage\",\"@id\":\"https:\/\/revirock.es\/en\/estudio-c\/\",\"url\":\"https:\/\/revirock.es\/en\/estudio-c\/\",\"name\":\"Estudio C - Revirock Studios\",\"isPartOf\":{\"@id\":\"https:\/\/revirock.es\/#website\"},\"datePublished\":\"2021-01-09T02:14:19+00:00\",\"dateModified\":\"2021-01-09T02:21:18+00:00\",\"breadcrumb\":{\"@id\":\"https:\/\/revirock.es\/en\/estudio-c\/#breadcrumb\"},\"inLanguage\":\"en-US\",\"potentialAction\":[{\"@type\":\"ReadAction\",\"target\":[\"https:\/\/revirock.es\/en\/estudio-c\/\"]}]},{\"@type\":\"BreadcrumbList\",\"@id\":\"https:\/\/revirock.es\/en\/estudio-c\/#breadcrumb\",\"itemListElement\":[{\"@type\":\"ListItem\",\"position\":1,\"name\":\"Portada\",\"item\":\"https:\/\/revirock.es\/\"},{\"@type\":\"ListItem\",\"position\":2,\"name\":\"Estudio C\"}]},{\"@type\":\"WebSite\",\"@id\":\"https:\/\/revirock.es\/#website\",\"url\":\"https:\/\/revirock.es\/\",\"name\":\"Revirock Studios\",\"description\":\"Estudios audiovisuales y locales de ensayo\",\"publisher\":{\"@id\":\"https:\/\/revirock.es\/#organization\"},\"potentialAction\":[{\"@type\":\"SearchAction\",\"target\":{\"@type\":\"EntryPoint\",\"urlTemplate\":\"https:\/\/revirock.es\/?s={search_term_string}\"},\"query-input\":\"required name=search_term_string\"}],\"inLanguage\":\"en-US\"},{\"@type\":\"Organization\",\"@id\":\"https:\/\/revirock.es\/#organization\",\"name\":\"Revirock Studios\",\"url\":\"https:\/\/revirock.es\/\",\"logo\":{\"@type\":\"ImageObject\",\"inLanguage\":\"en-US\",\"@id\":\"https:\/\/revirock.es\/#\/schema\/logo\/image\/\",\"url\":\"https:\/\/revirock.es\/wp-content\/uploads\/2020\/08\/Logo_ReviRock_PNG.png\",\"contentUrl\":\"https:\/\/revirock.es\/wp-content\/uploads\/2020\/08\/Logo_ReviRock_PNG.png\",\"width\":1711,\"height\":1389,\"caption\":\"Revirock Studios\"},\"image\":{\"@id\":\"https:\/\/revirock.es\/#\/schema\/logo\/image\/\"}}]}<\/script>\n<!-- \/ Yoast SEO plugin. -->","yoast_head_json":{"title":"Estudio C - Revirock Studios","robots":{"index":"index","follow":"follow","max-snippet":"max-snippet:-1","max-image-preview":"max-image-preview:large","max-video-preview":"max-video-preview:-1"},"canonical":"https:\/\/revirock.es\/en\/estudio-c\/","og_locale":"en_US","og_type":"article","og_title":"Estudio C - Revirock Studios","og_url":"https:\/\/revirock.es\/en\/estudio-c\/","og_site_name":"Revirock Studios","article_modified_time":"2021-01-09T02:21:18+00:00","twitter_card":"summary_large_image","twitter_misc":{"Est. reading time":"4 minutes"},"schema":{"@context":"https:\/\/schema.org","@graph":[{"@type":"WebPage","@id":"https:\/\/revirock.es\/en\/estudio-c\/","url":"https:\/\/revirock.es\/en\/estudio-c\/","name":"Estudio C - Revirock Studios","isPartOf":{"@id":"https:\/\/revirock.es\/#website"},"datePublished":"2021-01-09T02:14:19+00:00","dateModified":"2021-01-09T02:21:18+00:00","breadcrumb":{"@id":"https:\/\/revirock.es\/en\/estudio-c\/#breadcrumb"},"inLanguage":"en-US","potentialAction":[{"@type":"ReadAction","target":["https:\/\/revirock.es\/en\/estudio-c\/"]}]},{"@type":"BreadcrumbList","@id":"https:\/\/revirock.es\/en\/estudio-c\/#breadcrumb","itemListElement":[{"@type":"ListItem","position":1,"name":"Portada","item":"https:\/\/revirock.es\/"},{"@type":"ListItem","position":2,"name":"Estudio C"}]},{"@type":"WebSite","@id":"https:\/\/revirock.es\/#website","url":"https:\/\/revirock.es\/","name":"Revirock Studios","description":"Estudios audiovisuales y locales de ensayo","publisher":{"@id":"https:\/\/revirock.es\/#organization"},"potentialAction":[{"@type":"SearchAction","target":{"@type":"EntryPoint","urlTemplate":"https:\/\/revirock.es\/?s={search_term_string}"},"query-input":"required name=search_term_string"}],"inLanguage":"en-US"},{"@type":"Organization","@id":"https:\/\/revirock.es\/#organization","name":"Revirock Studios","url":"https:\/\/revirock.es\/","logo":{"@type":"ImageObject","inLanguage":"en-US","@id":"https:\/\/revirock.es\/#\/schema\/logo\/image\/","url":"https:\/\/revirock.es\/wp-content\/uploads\/2020\/08\/Logo_ReviRock_PNG.png","contentUrl":"https:\/\/revirock.es\/wp-content\/uploads\/2020\/08\/Logo_ReviRock_PNG.png","width":1711,"height":1389,"caption":"Revirock Studios"},"image":{"@id":"https:\/\/revirock.es\/#\/schema\/logo\/image\/"}}]}},"_links":{"self":[{"href":"https:\/\/revirock.es\/en\/wp-json\/wp\/v2\/pages\/1534"}],"collection":[{"href":"https:\/\/revirock.es\/en\/wp-json\/wp\/v2\/pages"}],"about":[{"href":"https:\/\/revirock.es\/en\/wp-json\/wp\/v2\/types\/page"}],"author":[{"embeddable":true,"href":"https:\/\/revirock.es\/en\/wp-json\/wp\/v2\/users\/2"}],"replies":[{"embeddable":true,"href":"https:\/\/revirock.es\/en\/wp-json\/wp\/v2\/comments?post=1534"}],"version-history":[{"count":3,"href":"https:\/\/revirock.es\/en\/wp-json\/wp\/v2\/pages\/1534\/revisions"}],"predecessor-version":[{"id":1544,"href":"https:\/\/revirock.es\/en\/wp-json\/wp\/v2\/pages\/1534\/revisions\/1544"}],"wp:attachment":[{"href":"https:\/\/revirock.es\/en\/wp-json\/wp\/v2\/media?parent=1534"}],"curies":[{"name":"wp","href":"https:\/\/api.w.org\/{rel}","templated":true}]}}