{"id":1479,"date":"2021-01-09T00:15:40","date_gmt":"2021-01-09T00:15:40","guid":{"rendered":"https:\/\/revirock.es\/?page_id=1479"},"modified":"2021-05-19T11:44:30","modified_gmt":"2021-05-19T11:44:30","slug":"locales-de-ensayo","status":"publish","type":"page","link":"https:\/\/revirock.es\/en\/locales-de-ensayo\/","title":{"rendered":"Rehearsal Rooms"},"content":{"rendered":"<div class=\"tt-shortcode_vc_row block block--darkbg block--full ch-block-rstudios ch-separator vc_custom_1573739783496 vc_row-has-fill\"><div class=\"wpb_text_column wpb_content_element  container title-wrap text-center color-invert font-n\" ><h2 class=\"color-invert\">Rehearsal rooms<\/h2>\n<p class=\"p--lg\">At Revirock Studios you will find fully equipped rehearsal rooms for hours and rooms for months of different sizes and characteristics.<\/p>\n<p>You choose!!<\/p>\n<\/div><div class=\"shortcode_vc_row_inner studio-gallery ini-studio-gallery\"><div class=\"shortcode_vc_column_inner  column studio-item\" >\n\t<div  class=\"studio-item-photo\"><div class=\"vc_single_image-wrapper   vc_box_border_grey\"><img width=\"2272\" height=\"1255\" src=\"https:\/\/revirock.es\/wp-content\/uploads\/2021\/01\/Local-por-horas.jpg\" class=\"vc_single_image-img attachment-full\" alt=\"\" loading=\"lazy\" srcset=\"https:\/\/revirock.es\/wp-content\/uploads\/2021\/01\/Local-por-horas.jpg 2272w, https:\/\/revirock.es\/wp-content\/uploads\/2021\/01\/Local-por-horas-300x166.jpg 300w, https:\/\/revirock.es\/wp-content\/uploads\/2021\/01\/Local-por-horas-1024x566.jpg 1024w, https:\/\/revirock.es\/wp-content\/uploads\/2021\/01\/Local-por-horas-768x424.jpg 768w, https:\/\/revirock.es\/wp-content\/uploads\/2021\/01\/Local-por-horas-1536x848.jpg 1536w, https:\/\/revirock.es\/wp-content\/uploads\/2021\/01\/Local-por-horas-2048x1131.jpg 2048w, https:\/\/revirock.es\/wp-content\/uploads\/2021\/01\/Local-por-horas-1568x866.jpg 1568w, https:\/\/revirock.es\/wp-content\/uploads\/2021\/01\/Local-por-horas-600x331.jpg 600w\" sizes=\"(max-width: 2272px) 100vw, 2272px\" \/><\/div><\/div>\n<h4 class=\"studio-item-title\"><span class=\"tt\">Hourly room<\/span><\/h4>\n<p class=\"studio-item-info\">All you have to do is call us and book your rehearsal space.<\/p>\n<\/div><div class=\"shortcode_vc_column_inner  column studio-item\" >\n\t<div  class=\"studio-item-photo\"><div class=\"vc_single_image-wrapper   vc_box_border_grey\"><img width=\"2560\" height=\"1707\" src=\"https:\/\/revirock.es\/wp-content\/uploads\/2021\/05\/Revi-1-43-scaled.jpg\" class=\"vc_single_image-img attachment-full\" alt=\"Local mensual\" loading=\"lazy\" srcset=\"https:\/\/revirock.es\/wp-content\/uploads\/2021\/05\/Revi-1-43-scaled.jpg 2560w, https:\/\/revirock.es\/wp-content\/uploads\/2021\/05\/Revi-1-43-300x200.jpg 300w, https:\/\/revirock.es\/wp-content\/uploads\/2021\/05\/Revi-1-43-1024x683.jpg 1024w, https:\/\/revirock.es\/wp-content\/uploads\/2021\/05\/Revi-1-43-768x512.jpg 768w, https:\/\/revirock.es\/wp-content\/uploads\/2021\/05\/Revi-1-43-1536x1024.jpg 1536w, https:\/\/revirock.es\/wp-content\/uploads\/2021\/05\/Revi-1-43-2048x1365.jpg 2048w, https:\/\/revirock.es\/wp-content\/uploads\/2021\/05\/Revi-1-43-1568x1045.jpg 1568w, https:\/\/revirock.es\/wp-content\/uploads\/2021\/05\/Revi-1-43-600x400.jpg 600w\" sizes=\"(max-width: 2560px) 100vw, 2560px\" \/><\/div><\/div>\n<h4 class=\"studio-item-title\"><span class=\"tt\">Monthly Rehearsal Rooms<\/span><\/h4>\n<p class=\"studio-item-info\">You will have your premises available 24 hours a day, 365 days a year.<\/p>\n<\/div><\/div><\/div>","protected":false},"excerpt":{"rendered":"Locales de ensayo En Revirock Studios encontrar\u00e1s locales de ensayos por horas totalmente equipados y locales por meses de diferentes tama\u00f1os y caracter\u00edsticas. \u00a1\u00a1T\u00fa eliges!! Local por horas S\u00f3lo tendr\u00e1s que llamarnos y reservar tu local de ensayo. Locales mensuales Tendr\u00e1s tu local disponible 24 horas los 365 d\u00edas del a\u00f1o.","protected":false},"author":2,"featured_media":0,"parent":0,"menu_order":100,"comment_status":"closed","ping_status":"closed","template":"custompagett.php","meta":[],"yoast_head":"<!-- This site is optimized with the Yoast SEO plugin v20.2.1 - https:\/\/yoast.com\/wordpress\/plugins\/seo\/ -->\n<title>Locales de Ensayo - Revirock Studios<\/title>\n<meta name=\"robots\" content=\"index, follow, max-snippet:-1, max-image-preview:large, max-video-preview:-1\" \/>\n<link rel=\"canonical\" href=\"https:\/\/revirock.es\/en\/locales-de-ensayo\/\" \/>\n<meta property=\"og:locale\" content=\"en_US\" \/>\n<meta property=\"og:type\" content=\"article\" \/>\n<meta property=\"og:title\" content=\"Locales de Ensayo - Revirock Studios\" \/>\n<meta property=\"og:url\" content=\"https:\/\/revirock.es\/en\/locales-de-ensayo\/\" \/>\n<meta property=\"og:site_name\" content=\"Revirock Studios\" \/>\n<meta property=\"article:modified_time\" content=\"2021-05-19T11:44:30+00:00\" \/>\n<meta name=\"twitter:card\" content=\"summary_large_image\" \/>\n<meta name=\"twitter:label1\" content=\"Est. reading time\" \/>\n\t<meta name=\"twitter:data1\" content=\"1 minute\" \/>\n<script type=\"application\/ld+json\" class=\"yoast-schema-graph\">{\"@context\":\"https:\/\/schema.org\",\"@graph\":[{\"@type\":\"WebPage\",\"@id\":\"https:\/\/revirock.es\/locales-de-ensayo\/\",\"url\":\"https:\/\/revirock.es\/locales-de-ensayo\/\",\"name\":\"Locales de Ensayo - Revirock Studios\",\"isPartOf\":{\"@id\":\"https:\/\/revirock.es\/#website\"},\"datePublished\":\"2021-01-09T00:15:40+00:00\",\"dateModified\":\"2021-05-19T11:44:30+00:00\",\"breadcrumb\":{\"@id\":\"https:\/\/revirock.es\/locales-de-ensayo\/#breadcrumb\"},\"inLanguage\":\"en-US\",\"potentialAction\":[{\"@type\":\"ReadAction\",\"target\":[\"https:\/\/revirock.es\/locales-de-ensayo\/\"]}]},{\"@type\":\"BreadcrumbList\",\"@id\":\"https:\/\/revirock.es\/locales-de-ensayo\/#breadcrumb\",\"itemListElement\":[{\"@type\":\"ListItem\",\"position\":1,\"name\":\"Portada\",\"item\":\"https:\/\/revirock.es\/\"},{\"@type\":\"ListItem\",\"position\":2,\"name\":\"Locales de Ensayo\"}]},{\"@type\":\"WebSite\",\"@id\":\"https:\/\/revirock.es\/#website\",\"url\":\"https:\/\/revirock.es\/\",\"name\":\"Revirock Studios\",\"description\":\"Estudios audiovisuales y locales de ensayo\",\"publisher\":{\"@id\":\"https:\/\/revirock.es\/#organization\"},\"potentialAction\":[{\"@type\":\"SearchAction\",\"target\":{\"@type\":\"EntryPoint\",\"urlTemplate\":\"https:\/\/revirock.es\/?s={search_term_string}\"},\"query-input\":\"required name=search_term_string\"}],\"inLanguage\":\"en-US\"},{\"@type\":\"Organization\",\"@id\":\"https:\/\/revirock.es\/#organization\",\"name\":\"Revirock Studios\",\"url\":\"https:\/\/revirock.es\/\",\"logo\":{\"@type\":\"ImageObject\",\"inLanguage\":\"en-US\",\"@id\":\"https:\/\/revirock.es\/#\/schema\/logo\/image\/\",\"url\":\"https:\/\/revirock.es\/wp-content\/uploads\/2020\/08\/Logo_ReviRock_PNG.png\",\"contentUrl\":\"https:\/\/revirock.es\/wp-content\/uploads\/2020\/08\/Logo_ReviRock_PNG.png\",\"width\":1711,\"height\":1389,\"caption\":\"Revirock Studios\"},\"image\":{\"@id\":\"https:\/\/revirock.es\/#\/schema\/logo\/image\/\"}}]}<\/script>\n<!-- \/ Yoast SEO plugin. -->","yoast_head_json":{"title":"Locales de Ensayo - Revirock Studios","robots":{"index":"index","follow":"follow","max-snippet":"max-snippet:-1","max-image-preview":"max-image-preview:large","max-video-preview":"max-video-preview:-1"},"canonical":"https:\/\/revirock.es\/en\/locales-de-ensayo\/","og_locale":"en_US","og_type":"article","og_title":"Locales de Ensayo - Revirock Studios","og_url":"https:\/\/revirock.es\/en\/locales-de-ensayo\/","og_site_name":"Revirock Studios","article_modified_time":"2021-05-19T11:44:30+00:00","twitter_card":"summary_large_image","twitter_misc":{"Est. reading time":"1 minute"},"schema":{"@context":"https:\/\/schema.org","@graph":[{"@type":"WebPage","@id":"https:\/\/revirock.es\/locales-de-ensayo\/","url":"https:\/\/revirock.es\/locales-de-ensayo\/","name":"Locales de Ensayo - Revirock Studios","isPartOf":{"@id":"https:\/\/revirock.es\/#website"},"datePublished":"2021-01-09T00:15:40+00:00","dateModified":"2021-05-19T11:44:30+00:00","breadcrumb":{"@id":"https:\/\/revirock.es\/locales-de-ensayo\/#breadcrumb"},"inLanguage":"en-US","potentialAction":[{"@type":"ReadAction","target":["https:\/\/revirock.es\/locales-de-ensayo\/"]}]},{"@type":"BreadcrumbList","@id":"https:\/\/revirock.es\/locales-de-ensayo\/#breadcrumb","itemListElement":[{"@type":"ListItem","position":1,"name":"Portada","item":"https:\/\/revirock.es\/"},{"@type":"ListItem","position":2,"name":"Locales de Ensayo"}]},{"@type":"WebSite","@id":"https:\/\/revirock.es\/#website","url":"https:\/\/revirock.es\/","name":"Revirock Studios","description":"Estudios audiovisuales y locales de ensayo","publisher":{"@id":"https:\/\/revirock.es\/#organization"},"potentialAction":[{"@type":"SearchAction","target":{"@type":"EntryPoint","urlTemplate":"https:\/\/revirock.es\/?s={search_term_string}"},"query-input":"required name=search_term_string"}],"inLanguage":"en-US"},{"@type":"Organization","@id":"https:\/\/revirock.es\/#organization","name":"Revirock Studios","url":"https:\/\/revirock.es\/","logo":{"@type":"ImageObject","inLanguage":"en-US","@id":"https:\/\/revirock.es\/#\/schema\/logo\/image\/","url":"https:\/\/revirock.es\/wp-content\/uploads\/2020\/08\/Logo_ReviRock_PNG.png","contentUrl":"https:\/\/revirock.es\/wp-content\/uploads\/2020\/08\/Logo_ReviRock_PNG.png","width":1711,"height":1389,"caption":"Revirock Studios"},"image":{"@id":"https:\/\/revirock.es\/#\/schema\/logo\/image\/"}}]}},"_links":{"self":[{"href":"https:\/\/revirock.es\/en\/wp-json\/wp\/v2\/pages\/1479"}],"collection":[{"href":"https:\/\/revirock.es\/en\/wp-json\/wp\/v2\/pages"}],"about":[{"href":"https:\/\/revirock.es\/en\/wp-json\/wp\/v2\/types\/page"}],"author":[{"embeddable":true,"href":"https:\/\/revirock.es\/en\/wp-json\/wp\/v2\/users\/2"}],"replies":[{"embeddable":true,"href":"https:\/\/revirock.es\/en\/wp-json\/wp\/v2\/comments?post=1479"}],"version-history":[{"count":11,"href":"https:\/\/revirock.es\/en\/wp-json\/wp\/v2\/pages\/1479\/revisions"}],"predecessor-version":[{"id":1635,"href":"https:\/\/revirock.es\/en\/wp-json\/wp\/v2\/pages\/1479\/revisions\/1635"}],"wp:attachment":[{"href":"https:\/\/revirock.es\/en\/wp-json\/wp\/v2\/media?parent=1479"}],"curies":[{"name":"wp","href":"https:\/\/api.w.org\/{rel}","templated":true}]}}