{"id":1320,"date":"2020-08-17T17:30:08","date_gmt":"2020-08-17T17:30:08","guid":{"rendered":"https:\/\/revirock.es\/?page_id=1320"},"modified":"2021-07-21T14:44:55","modified_gmt":"2021-07-21T14:44:55","slug":"platos-de-grabacion","status":"publish","type":"page","link":"https:\/\/revirock.es\/en\/platos-de-grabacion\/","title":{"rendered":"Plat\u00f3s de grabaci\u00f3n"},"content":{"rendered":"<div class=\"tt-shortcode_vc_row block block--darkbg block--full ch-block-rstudios ch-separator vc_custom_1573739783496 vc_row-has-fill\"><div class=\"wpb_text_column wpb_content_element  container title-wrap text-center color-invert font-n\" ><h2 class=\"color-invert\">Recording Sets<\/h2>\n<p>&nbsp;<\/p>\n<p class=\"p--lg\">We have different configurations of recording sets to adapt to your budget and needs.<\/p>\n<p>You choose!!<\/p>\n<\/div><div class=\"vc_empty_space\"   style=\"height: 32px\"><span class=\"vc_empty_space_inner\"><\/span><\/div><div class=\"shortcode_vc_row_inner studio-gallery ini-studio-gallery\"><div class=\"shortcode_vc_column_inner  column studio-item\" >\n\t<div  class=\"studio-item-photo\"><a href=\"https:\/\/revirock.es\/en\/plato-p900\/\" target=\"_self\" class=\"vc_single_image-wrapper   vc_box_border_grey\"><img width=\"2016\" height=\"930\" src=\"https:\/\/revirock.es\/wp-content\/uploads\/2021\/01\/Escenario5.jpg\" class=\"vc_single_image-img attachment-full\" alt=\"\" loading=\"lazy\" srcset=\"https:\/\/revirock.es\/wp-content\/uploads\/2021\/01\/Escenario5.jpg 2016w, https:\/\/revirock.es\/wp-content\/uploads\/2021\/01\/Escenario5-300x138.jpg 300w, https:\/\/revirock.es\/wp-content\/uploads\/2021\/01\/Escenario5-1024x472.jpg 1024w, https:\/\/revirock.es\/wp-content\/uploads\/2021\/01\/Escenario5-768x354.jpg 768w, https:\/\/revirock.es\/wp-content\/uploads\/2021\/01\/Escenario5-1536x709.jpg 1536w, https:\/\/revirock.es\/wp-content\/uploads\/2021\/01\/Escenario5-1568x723.jpg 1568w, https:\/\/revirock.es\/wp-content\/uploads\/2021\/01\/Escenario5-600x277.jpg 600w\" sizes=\"(max-width: 2016px) 100vw, 2016px\" \/><\/a><\/div>\n<h4 class=\"studio-item-title\"><a href=\"https:\/\/revirock.es\/en\/plato-p900\/\">P900 Set<\/a><\/h4>\n<p class=\"studio-item-info\"><a href=\"https:\/\/revirock.es\/en\/plato-p900\/\">Recording of videoclips, live videos, streaming broadcasts, program recording, and all the utilities you can imagine in 900m\u00b2.<\/a><\/p>\n<\/div><div class=\"shortcode_vc_column_inner  column studio-item\" >\n\t<div  class=\"studio-item-photo\"><a href=\"https:\/\/revirock.es\/en\/plato-p300\/\" target=\"_self\" class=\"vc_single_image-wrapper   vc_box_border_grey\"><img width=\"2016\" height=\"930\" src=\"https:\/\/revirock.es\/wp-content\/uploads\/2021\/01\/p300_2.jpg\" class=\"vc_single_image-img attachment-full\" alt=\"\" loading=\"lazy\" srcset=\"https:\/\/revirock.es\/wp-content\/uploads\/2021\/01\/p300_2.jpg 2016w, https:\/\/revirock.es\/wp-content\/uploads\/2021\/01\/p300_2-300x138.jpg 300w, https:\/\/revirock.es\/wp-content\/uploads\/2021\/01\/p300_2-1024x472.jpg 1024w, https:\/\/revirock.es\/wp-content\/uploads\/2021\/01\/p300_2-768x354.jpg 768w, https:\/\/revirock.es\/wp-content\/uploads\/2021\/01\/p300_2-1536x709.jpg 1536w, https:\/\/revirock.es\/wp-content\/uploads\/2021\/01\/p300_2-1568x723.jpg 1568w, https:\/\/revirock.es\/wp-content\/uploads\/2021\/01\/p300_2-600x277.jpg 600w\" sizes=\"(max-width: 2016px) 100vw, 2016px\" \/><\/a><\/div>\n<h4 class=\"studio-item-title\"><a href=\"https:\/\/revirock.es\/en\/plato-p300\/\">P300 Set<\/a><\/h4>\n<p class=\"studio-item-info\"><a href=\"https:\/\/revirock.es\/en\/plato-p300\/\">Recording of videoclips, photo sessions, and a long etc.<\/a><\/p>\n<\/div><\/div><\/div>","protected":false},"excerpt":{"rendered":"Plat\u00f3s de Grabaci\u00f3n &nbsp; Tenemos distintas configuraciones de plat\u00f3s de grabaci\u00f3n para adaptarnos a tus presupuesto y necesidades. \u00a1\u00a1T\u00fa eliges!! Plat\u00f3 P900 Grabaci\u00f3n de videoclips, videos en directo, emisiones en streaming, grabaci\u00f3n de programas, y todas las utilidades que te puedas imaginar en 900m\u00b2. Plat\u00f3 P300 Grabaci\u00f3n de videoclips, sesiones fotogr\u00e1ficas, y un largo etc.","protected":false},"author":2,"featured_media":0,"parent":0,"menu_order":100,"comment_status":"closed","ping_status":"closed","template":"custompagett.php","meta":[],"yoast_head":"<!-- This site is optimized with the Yoast SEO plugin v20.2.1 - https:\/\/yoast.com\/wordpress\/plugins\/seo\/ -->\n<title>Plat\u00f3s de grabaci\u00f3n - Revirock Studios<\/title>\n<meta name=\"robots\" content=\"index, follow, max-snippet:-1, max-image-preview:large, max-video-preview:-1\" \/>\n<link rel=\"canonical\" href=\"https:\/\/revirock.es\/en\/platos-de-grabacion\/\" \/>\n<meta property=\"og:locale\" content=\"en_US\" \/>\n<meta property=\"og:type\" content=\"article\" \/>\n<meta property=\"og:title\" content=\"Plat\u00f3s de grabaci\u00f3n - Revirock Studios\" \/>\n<meta property=\"og:url\" content=\"https:\/\/revirock.es\/en\/platos-de-grabacion\/\" \/>\n<meta property=\"og:site_name\" content=\"Revirock Studios\" \/>\n<meta property=\"article:modified_time\" content=\"2021-07-21T14:44:55+00:00\" \/>\n<meta name=\"twitter:card\" content=\"summary_large_image\" \/>\n<meta name=\"twitter:label1\" content=\"Est. reading time\" \/>\n\t<meta name=\"twitter:data1\" content=\"1 minute\" \/>\n<script type=\"application\/ld+json\" class=\"yoast-schema-graph\">{\"@context\":\"https:\/\/schema.org\",\"@graph\":[{\"@type\":\"WebPage\",\"@id\":\"https:\/\/revirock.es\/platos-de-grabacion\/\",\"url\":\"https:\/\/revirock.es\/platos-de-grabacion\/\",\"name\":\"Plat\u00f3s de grabaci\u00f3n - Revirock Studios\",\"isPartOf\":{\"@id\":\"https:\/\/revirock.es\/#website\"},\"datePublished\":\"2020-08-17T17:30:08+00:00\",\"dateModified\":\"2021-07-21T14:44:55+00:00\",\"breadcrumb\":{\"@id\":\"https:\/\/revirock.es\/platos-de-grabacion\/#breadcrumb\"},\"inLanguage\":\"en-US\",\"potentialAction\":[{\"@type\":\"ReadAction\",\"target\":[\"https:\/\/revirock.es\/platos-de-grabacion\/\"]}]},{\"@type\":\"BreadcrumbList\",\"@id\":\"https:\/\/revirock.es\/platos-de-grabacion\/#breadcrumb\",\"itemListElement\":[{\"@type\":\"ListItem\",\"position\":1,\"name\":\"Portada\",\"item\":\"https:\/\/revirock.es\/\"},{\"@type\":\"ListItem\",\"position\":2,\"name\":\"Plat\u00f3s de grabaci\u00f3n\"}]},{\"@type\":\"WebSite\",\"@id\":\"https:\/\/revirock.es\/#website\",\"url\":\"https:\/\/revirock.es\/\",\"name\":\"Revirock Studios\",\"description\":\"Estudios audiovisuales y locales de ensayo\",\"publisher\":{\"@id\":\"https:\/\/revirock.es\/#organization\"},\"potentialAction\":[{\"@type\":\"SearchAction\",\"target\":{\"@type\":\"EntryPoint\",\"urlTemplate\":\"https:\/\/revirock.es\/?s={search_term_string}\"},\"query-input\":\"required name=search_term_string\"}],\"inLanguage\":\"en-US\"},{\"@type\":\"Organization\",\"@id\":\"https:\/\/revirock.es\/#organization\",\"name\":\"Revirock Studios\",\"url\":\"https:\/\/revirock.es\/\",\"logo\":{\"@type\":\"ImageObject\",\"inLanguage\":\"en-US\",\"@id\":\"https:\/\/revirock.es\/#\/schema\/logo\/image\/\",\"url\":\"https:\/\/revirock.es\/wp-content\/uploads\/2020\/08\/Logo_ReviRock_PNG.png\",\"contentUrl\":\"https:\/\/revirock.es\/wp-content\/uploads\/2020\/08\/Logo_ReviRock_PNG.png\",\"width\":1711,\"height\":1389,\"caption\":\"Revirock Studios\"},\"image\":{\"@id\":\"https:\/\/revirock.es\/#\/schema\/logo\/image\/\"}}]}<\/script>\n<!-- \/ Yoast SEO plugin. -->","yoast_head_json":{"title":"Plat\u00f3s de grabaci\u00f3n - Revirock Studios","robots":{"index":"index","follow":"follow","max-snippet":"max-snippet:-1","max-image-preview":"max-image-preview:large","max-video-preview":"max-video-preview:-1"},"canonical":"https:\/\/revirock.es\/en\/platos-de-grabacion\/","og_locale":"en_US","og_type":"article","og_title":"Plat\u00f3s de grabaci\u00f3n - Revirock Studios","og_url":"https:\/\/revirock.es\/en\/platos-de-grabacion\/","og_site_name":"Revirock Studios","article_modified_time":"2021-07-21T14:44:55+00:00","twitter_card":"summary_large_image","twitter_misc":{"Est. reading time":"1 minute"},"schema":{"@context":"https:\/\/schema.org","@graph":[{"@type":"WebPage","@id":"https:\/\/revirock.es\/platos-de-grabacion\/","url":"https:\/\/revirock.es\/platos-de-grabacion\/","name":"Plat\u00f3s de grabaci\u00f3n - Revirock Studios","isPartOf":{"@id":"https:\/\/revirock.es\/#website"},"datePublished":"2020-08-17T17:30:08+00:00","dateModified":"2021-07-21T14:44:55+00:00","breadcrumb":{"@id":"https:\/\/revirock.es\/platos-de-grabacion\/#breadcrumb"},"inLanguage":"en-US","potentialAction":[{"@type":"ReadAction","target":["https:\/\/revirock.es\/platos-de-grabacion\/"]}]},{"@type":"BreadcrumbList","@id":"https:\/\/revirock.es\/platos-de-grabacion\/#breadcrumb","itemListElement":[{"@type":"ListItem","position":1,"name":"Portada","item":"https:\/\/revirock.es\/"},{"@type":"ListItem","position":2,"name":"Plat\u00f3s de grabaci\u00f3n"}]},{"@type":"WebSite","@id":"https:\/\/revirock.es\/#website","url":"https:\/\/revirock.es\/","name":"Revirock Studios","description":"Estudios audiovisuales y locales de ensayo","publisher":{"@id":"https:\/\/revirock.es\/#organization"},"potentialAction":[{"@type":"SearchAction","target":{"@type":"EntryPoint","urlTemplate":"https:\/\/revirock.es\/?s={search_term_string}"},"query-input":"required name=search_term_string"}],"inLanguage":"en-US"},{"@type":"Organization","@id":"https:\/\/revirock.es\/#organization","name":"Revirock Studios","url":"https:\/\/revirock.es\/","logo":{"@type":"ImageObject","inLanguage":"en-US","@id":"https:\/\/revirock.es\/#\/schema\/logo\/image\/","url":"https:\/\/revirock.es\/wp-content\/uploads\/2020\/08\/Logo_ReviRock_PNG.png","contentUrl":"https:\/\/revirock.es\/wp-content\/uploads\/2020\/08\/Logo_ReviRock_PNG.png","width":1711,"height":1389,"caption":"Revirock Studios"},"image":{"@id":"https:\/\/revirock.es\/#\/schema\/logo\/image\/"}}]}},"_links":{"self":[{"href":"https:\/\/revirock.es\/en\/wp-json\/wp\/v2\/pages\/1320"}],"collection":[{"href":"https:\/\/revirock.es\/en\/wp-json\/wp\/v2\/pages"}],"about":[{"href":"https:\/\/revirock.es\/en\/wp-json\/wp\/v2\/types\/page"}],"author":[{"embeddable":true,"href":"https:\/\/revirock.es\/en\/wp-json\/wp\/v2\/users\/2"}],"replies":[{"embeddable":true,"href":"https:\/\/revirock.es\/en\/wp-json\/wp\/v2\/comments?post=1320"}],"version-history":[{"count":15,"href":"https:\/\/revirock.es\/en\/wp-json\/wp\/v2\/pages\/1320\/revisions"}],"predecessor-version":[{"id":1458,"href":"https:\/\/revirock.es\/en\/wp-json\/wp\/v2\/pages\/1320\/revisions\/1458"}],"wp:attachment":[{"href":"https:\/\/revirock.es\/en\/wp-json\/wp\/v2\/media?parent=1320"}],"curies":[{"name":"wp","href":"https:\/\/api.w.org\/{rel}","templated":true}]}}