{"id":1314,"date":"2020-08-17T17:24:20","date_gmt":"2020-08-17T17:24:20","guid":{"rendered":"https:\/\/revirock.es\/?page_id=1314"},"modified":"2021-07-05T08:47:46","modified_gmt":"2021-07-05T08:47:46","slug":"estudios-de-grabacion","status":"publish","type":"page","link":"https:\/\/revirock.es\/en\/estudios-de-grabacion\/","title":{"rendered":"Recording Studios"},"content":{"rendered":"<div class=\"tt-shortcode_vc_row block block--darkbg block--full ch-block-rstudios ch-separator vc_custom_1573739783496 vc_row-has-fill\"><div class=\"wpb_text_column wpb_content_element  container title-wrap text-center color-invert font-n\" ><h2 class=\"color-invert\">Recording Studios<\/h2>\n<p class=\"p--lg\">We have at your disposal three different studio configurations according to your needs and budget.<\/p>\n<p>You choose!!<\/p>\n<\/div><div class=\"shortcode_vc_row_inner studio-gallery ini-studio-gallery\"><div class=\"shortcode_vc_column_inner  column studio-item\" >\n\t<div  class=\"studio-item-photo\"><a href=\"https:\/\/revirock.es\/en\/estudio-a\/\" target=\"_self\" class=\"vc_single_image-wrapper   vc_box_border_grey\"><img width=\"1540\" height=\"1452\" src=\"https:\/\/revirock.es\/wp-content\/uploads\/2019\/05\/studio-1.jpg\" class=\"vc_single_image-img attachment-full\" alt=\"\" loading=\"lazy\" srcset=\"https:\/\/revirock.es\/wp-content\/uploads\/2019\/05\/studio-1.jpg 1540w, https:\/\/revirock.es\/wp-content\/uploads\/2019\/05\/studio-1-300x283.jpg 300w, https:\/\/revirock.es\/wp-content\/uploads\/2019\/05\/studio-1-600x566.jpg 600w\" sizes=\"(max-width: 1540px) 100vw, 1540px\" \/><\/a><\/div>\n<h4 class=\"studio-item-title\"><a href=\"https:\/\/revirock.es\/en\/estudio-a\/\"><span class=\"tt\">A-Studio<\/span> \u2013 6 Booths<\/a><\/h4>\n<p class=\"studio-item-info\"><a href=\"https:\/\/revirock.es\/en\/estudio-a\/\">We have at your disposal three different studio configurations according to your needs and budget.<\/a><\/p>\n<\/div><div class=\"shortcode_vc_column_inner  column studio-item\" >\n\t<div  class=\"studio-item-photo\"><a href=\"https:\/\/revirock.es\/en\/estudio-b\/\" target=\"_self\" class=\"vc_single_image-wrapper   vc_box_border_grey\"><img width=\"1540\" height=\"1452\" src=\"https:\/\/revirock.es\/wp-content\/uploads\/2019\/05\/studio-2.jpg\" class=\"vc_single_image-img attachment-full\" alt=\"\" loading=\"lazy\" srcset=\"https:\/\/revirock.es\/wp-content\/uploads\/2019\/05\/studio-2.jpg 1540w, https:\/\/revirock.es\/wp-content\/uploads\/2019\/05\/studio-2-300x283.jpg 300w, https:\/\/revirock.es\/wp-content\/uploads\/2019\/05\/studio-2-600x566.jpg 600w\" sizes=\"(max-width: 1540px) 100vw, 1540px\" \/><\/a><\/div>\n<h4 class=\"studio-item-title\"><a href=\"https:\/\/revirock.es\/en\/estudio-b\/\"><span class=\"tt\">B-Studio<\/span> \u2013 3 Booths<\/a><\/h4>\n<p class=\"studio-item-info\"><a href=\"https:\/\/revirock.es\/en\/estudio-b\/\">Versatility in 60 m\u00b2.\u00a0<\/a><\/p>\n<\/div><\/div><\/div>","protected":false},"excerpt":{"rendered":"Estudios de Grabaci\u00f3n Tenemos a tu disposici\u00f3n tres configuraciones de estudio distintas seg\u00fan tus necesidades y presupuesto. \u00a1\u00a1T\u00fa eliges!! Estudio A \u2013 6 cabinas Hasta 6 cabinas de grabaci\u00f3n simult\u00e1neas e intercomunicadas entre s\u00ed. Estudio B \u2013 3 cabinas Versatilidad en 60 m\u00b2.\u00a0","protected":false},"author":2,"featured_media":0,"parent":0,"menu_order":100,"comment_status":"closed","ping_status":"closed","template":"custompagett.php","meta":[],"yoast_head":"<!-- This site is optimized with the Yoast SEO plugin v20.2.1 - https:\/\/yoast.com\/wordpress\/plugins\/seo\/ -->\n<title>Estudios de grabaci\u00f3n - Revirock Studios<\/title>\n<meta name=\"robots\" content=\"index, follow, max-snippet:-1, max-image-preview:large, max-video-preview:-1\" \/>\n<link rel=\"canonical\" href=\"https:\/\/revirock.es\/en\/estudios-de-grabacion\/\" \/>\n<meta property=\"og:locale\" content=\"en_US\" \/>\n<meta property=\"og:type\" content=\"article\" \/>\n<meta property=\"og:title\" content=\"Estudios de grabaci\u00f3n - Revirock Studios\" \/>\n<meta property=\"og:url\" content=\"https:\/\/revirock.es\/en\/estudios-de-grabacion\/\" \/>\n<meta property=\"og:site_name\" content=\"Revirock Studios\" \/>\n<meta property=\"article:modified_time\" content=\"2021-07-05T08:47:46+00:00\" \/>\n<meta name=\"twitter:card\" content=\"summary_large_image\" \/>\n<meta name=\"twitter:label1\" content=\"Est. reading time\" \/>\n\t<meta name=\"twitter:data1\" content=\"1 minute\" \/>\n<script type=\"application\/ld+json\" class=\"yoast-schema-graph\">{\"@context\":\"https:\/\/schema.org\",\"@graph\":[{\"@type\":\"WebPage\",\"@id\":\"https:\/\/revirock.es\/estudios-de-grabacion\/\",\"url\":\"https:\/\/revirock.es\/estudios-de-grabacion\/\",\"name\":\"Estudios de grabaci\u00f3n - Revirock Studios\",\"isPartOf\":{\"@id\":\"https:\/\/revirock.es\/#website\"},\"datePublished\":\"2020-08-17T17:24:20+00:00\",\"dateModified\":\"2021-07-05T08:47:46+00:00\",\"breadcrumb\":{\"@id\":\"https:\/\/revirock.es\/estudios-de-grabacion\/#breadcrumb\"},\"inLanguage\":\"en-US\",\"potentialAction\":[{\"@type\":\"ReadAction\",\"target\":[\"https:\/\/revirock.es\/estudios-de-grabacion\/\"]}]},{\"@type\":\"BreadcrumbList\",\"@id\":\"https:\/\/revirock.es\/estudios-de-grabacion\/#breadcrumb\",\"itemListElement\":[{\"@type\":\"ListItem\",\"position\":1,\"name\":\"Portada\",\"item\":\"https:\/\/revirock.es\/\"},{\"@type\":\"ListItem\",\"position\":2,\"name\":\"Estudios de grabaci\u00f3n\"}]},{\"@type\":\"WebSite\",\"@id\":\"https:\/\/revirock.es\/#website\",\"url\":\"https:\/\/revirock.es\/\",\"name\":\"Revirock Studios\",\"description\":\"Estudios audiovisuales y locales de ensayo\",\"publisher\":{\"@id\":\"https:\/\/revirock.es\/#organization\"},\"potentialAction\":[{\"@type\":\"SearchAction\",\"target\":{\"@type\":\"EntryPoint\",\"urlTemplate\":\"https:\/\/revirock.es\/?s={search_term_string}\"},\"query-input\":\"required name=search_term_string\"}],\"inLanguage\":\"en-US\"},{\"@type\":\"Organization\",\"@id\":\"https:\/\/revirock.es\/#organization\",\"name\":\"Revirock Studios\",\"url\":\"https:\/\/revirock.es\/\",\"logo\":{\"@type\":\"ImageObject\",\"inLanguage\":\"en-US\",\"@id\":\"https:\/\/revirock.es\/#\/schema\/logo\/image\/\",\"url\":\"https:\/\/revirock.es\/wp-content\/uploads\/2020\/08\/Logo_ReviRock_PNG.png\",\"contentUrl\":\"https:\/\/revirock.es\/wp-content\/uploads\/2020\/08\/Logo_ReviRock_PNG.png\",\"width\":1711,\"height\":1389,\"caption\":\"Revirock Studios\"},\"image\":{\"@id\":\"https:\/\/revirock.es\/#\/schema\/logo\/image\/\"}}]}<\/script>\n<!-- \/ Yoast SEO plugin. -->","yoast_head_json":{"title":"Estudios de grabaci\u00f3n - Revirock Studios","robots":{"index":"index","follow":"follow","max-snippet":"max-snippet:-1","max-image-preview":"max-image-preview:large","max-video-preview":"max-video-preview:-1"},"canonical":"https:\/\/revirock.es\/en\/estudios-de-grabacion\/","og_locale":"en_US","og_type":"article","og_title":"Estudios de grabaci\u00f3n - Revirock Studios","og_url":"https:\/\/revirock.es\/en\/estudios-de-grabacion\/","og_site_name":"Revirock Studios","article_modified_time":"2021-07-05T08:47:46+00:00","twitter_card":"summary_large_image","twitter_misc":{"Est. reading time":"1 minute"},"schema":{"@context":"https:\/\/schema.org","@graph":[{"@type":"WebPage","@id":"https:\/\/revirock.es\/estudios-de-grabacion\/","url":"https:\/\/revirock.es\/estudios-de-grabacion\/","name":"Estudios de grabaci\u00f3n - Revirock Studios","isPartOf":{"@id":"https:\/\/revirock.es\/#website"},"datePublished":"2020-08-17T17:24:20+00:00","dateModified":"2021-07-05T08:47:46+00:00","breadcrumb":{"@id":"https:\/\/revirock.es\/estudios-de-grabacion\/#breadcrumb"},"inLanguage":"en-US","potentialAction":[{"@type":"ReadAction","target":["https:\/\/revirock.es\/estudios-de-grabacion\/"]}]},{"@type":"BreadcrumbList","@id":"https:\/\/revirock.es\/estudios-de-grabacion\/#breadcrumb","itemListElement":[{"@type":"ListItem","position":1,"name":"Portada","item":"https:\/\/revirock.es\/"},{"@type":"ListItem","position":2,"name":"Estudios de grabaci\u00f3n"}]},{"@type":"WebSite","@id":"https:\/\/revirock.es\/#website","url":"https:\/\/revirock.es\/","name":"Revirock Studios","description":"Estudios audiovisuales y locales de ensayo","publisher":{"@id":"https:\/\/revirock.es\/#organization"},"potentialAction":[{"@type":"SearchAction","target":{"@type":"EntryPoint","urlTemplate":"https:\/\/revirock.es\/?s={search_term_string}"},"query-input":"required name=search_term_string"}],"inLanguage":"en-US"},{"@type":"Organization","@id":"https:\/\/revirock.es\/#organization","name":"Revirock Studios","url":"https:\/\/revirock.es\/","logo":{"@type":"ImageObject","inLanguage":"en-US","@id":"https:\/\/revirock.es\/#\/schema\/logo\/image\/","url":"https:\/\/revirock.es\/wp-content\/uploads\/2020\/08\/Logo_ReviRock_PNG.png","contentUrl":"https:\/\/revirock.es\/wp-content\/uploads\/2020\/08\/Logo_ReviRock_PNG.png","width":1711,"height":1389,"caption":"Revirock Studios"},"image":{"@id":"https:\/\/revirock.es\/#\/schema\/logo\/image\/"}}]}},"_links":{"self":[{"href":"https:\/\/revirock.es\/en\/wp-json\/wp\/v2\/pages\/1314"}],"collection":[{"href":"https:\/\/revirock.es\/en\/wp-json\/wp\/v2\/pages"}],"about":[{"href":"https:\/\/revirock.es\/en\/wp-json\/wp\/v2\/types\/page"}],"author":[{"embeddable":true,"href":"https:\/\/revirock.es\/en\/wp-json\/wp\/v2\/users\/2"}],"replies":[{"embeddable":true,"href":"https:\/\/revirock.es\/en\/wp-json\/wp\/v2\/comments?post=1314"}],"version-history":[{"count":10,"href":"https:\/\/revirock.es\/en\/wp-json\/wp\/v2\/pages\/1314\/revisions"}],"predecessor-version":[{"id":1679,"href":"https:\/\/revirock.es\/en\/wp-json\/wp\/v2\/pages\/1314\/revisions\/1679"}],"wp:attachment":[{"href":"https:\/\/revirock.es\/en\/wp-json\/wp\/v2\/media?parent=1314"}],"curies":[{"name":"wp","href":"https:\/\/api.w.org\/{rel}","templated":true}]}}